{"id":146,"date":"2023-11-29T18:28:58","date_gmt":"2023-11-29T17:28:58","guid":{"rendered":"https:\/\/arusacapital.com\/?page_id=146"},"modified":"2024-02-09T13:32:56","modified_gmt":"2024-02-09T12:32:56","slug":"obra-nueva","status":"publish","type":"page","link":"https:\/\/arusacapital.com\/en\/obra-nueva\/","title":{"rendered":"que hacemos"},"content":{"rendered":"<div data-elementor-type=\"wp-page\" data-elementor-id=\"146\" class=\"elementor elementor-146\" data-elementor-post-type=\"page\">\n\t\t\t\t<div class=\"elementor-element elementor-element-d2a1b11 e-con-full e-flex e-con e-parent\" data-id=\"d2a1b11\" data-element_type=\"container\" data-settings=\"{&quot;background_background&quot;:&quot;classic&quot;}\">\n\t\t\t\t<\/div>\n\t\t<div class=\"elementor-element elementor-element-11b7e02 e-flex e-con-boxed e-con e-parent\" data-id=\"11b7e02\" data-element_type=\"container\" data-settings=\"{&quot;background_background&quot;:&quot;classic&quot;}\">\n\t\t\t\t\t<div class=\"e-con-inner\">\n\t\t<div class=\"elementor-element elementor-element-3408278 e-flex e-con-boxed e-con e-child\" data-id=\"3408278\" data-element_type=\"container\" data-settings=\"{&quot;background_background&quot;:&quot;classic&quot;}\">\n\t\t\t\t\t<div class=\"e-con-inner\">\n\t\t\t\t<div class=\"elementor-element elementor-element-9a51f15 elementor-widget elementor-widget-heading\" data-id=\"9a51f15\" data-element_type=\"widget\" data-widget_type=\"heading.default\">\n\t\t\t\t<div class=\"elementor-widget-container\">\n\t\t\t\t\t<h2 class=\"elementor-heading-title elementor-size-default\">What we do<\/h2>\t\t\t\t<\/div>\n\t\t\t\t<\/div>\n\t\t\t\t\t<\/div>\n\t\t\t\t<\/div>\n\t\t<div class=\"elementor-element elementor-element-9607d8a e-flex e-con-boxed e-con e-child\" data-id=\"9607d8a\" data-element_type=\"container\" data-settings=\"{&quot;background_background&quot;:&quot;classic&quot;}\">\n\t\t\t\t\t<div class=\"e-con-inner\">\n\t\t<div class=\"elementor-element elementor-element-ba0f301 e-flex e-con-boxed e-con e-child\" data-id=\"ba0f301\" data-element_type=\"container\" data-settings=\"{&quot;background_background&quot;:&quot;classic&quot;}\">\n\t\t\t\t\t<div class=\"e-con-inner\">\n\t\t\t\t<div class=\"elementor-element elementor-element-51d566b elementor-widget elementor-widget-heading\" data-id=\"51d566b\" data-element_type=\"widget\" data-widget_type=\"heading.default\">\n\t\t\t\t<div class=\"elementor-widget-container\">\n\t\t\t\t\t<h2 class=\"elementor-heading-title elementor-size-default\">We Buy<\/h2>\t\t\t\t<\/div>\n\t\t\t\t<\/div>\n\t\t\t\t<div class=\"elementor-element elementor-element-27249b6 elementor-widget elementor-widget-text-editor\" data-id=\"27249b6\" data-element_type=\"widget\" data-widget_type=\"text-editor.default\">\n\t\t\t\t<div class=\"elementor-widget-container\">\n\t\t\t\t\t\t\t\t\t<ul><li style=\"font-weight: 400;\">We establish strict selection criteria when deciding the location of our real estate products, focusing on central and prime areas of Barcelona.<\/li><li style=\"font-weight: 400;\">Barcelona stands out for its beaches and infrastructure, has become a significant European ecosystem for startups, and enjoys undeniable global tourist appeal; it is a city with a cosmopolitan and modern atmosphere.<\/li><\/ul>\t\t\t\t\t\t\t\t<\/div>\n\t\t\t\t<\/div>\n\t\t\t\t\t<\/div>\n\t\t\t\t<\/div>\n\t\t<div class=\"elementor-element elementor-element-a2db9b7 e-flex e-con-boxed e-con e-child\" data-id=\"a2db9b7\" data-element_type=\"container\" data-settings=\"{&quot;background_background&quot;:&quot;classic&quot;}\">\n\t\t\t\t\t<div class=\"e-con-inner\">\n\t\t\t\t\t<\/div>\n\t\t\t\t<\/div>\n\t\t\t\t\t<\/div>\n\t\t\t\t<\/div>\n\t\t<div class=\"elementor-element elementor-element-60008b5 e-con-full e-flex e-con e-child\" data-id=\"60008b5\" data-element_type=\"container\" data-settings=\"{&quot;background_background&quot;:&quot;classic&quot;}\">\n\t\t<div class=\"elementor-element elementor-element-cb818ec e-flex e-con-boxed e-con e-child\" data-id=\"cb818ec\" data-element_type=\"container\" data-settings=\"{&quot;background_background&quot;:&quot;classic&quot;}\">\n\t\t\t\t\t<div class=\"e-con-inner\">\n\t\t\t\t\t<\/div>\n\t\t\t\t<\/div>\n\t\t<div class=\"elementor-element elementor-element-8afdddb e-flex e-con-boxed e-con e-child\" data-id=\"8afdddb\" data-element_type=\"container\" data-settings=\"{&quot;background_background&quot;:&quot;classic&quot;}\">\n\t\t\t\t\t<div class=\"e-con-inner\">\n\t\t\t\t<div class=\"elementor-element elementor-element-dc23016 elementor-widget elementor-widget-heading\" data-id=\"dc23016\" data-element_type=\"widget\" data-widget_type=\"heading.default\">\n\t\t\t\t<div class=\"elementor-widget-container\">\n\t\t\t\t\t<h2 class=\"elementor-heading-title elementor-size-default\">We transform<\/h2>\t\t\t\t<\/div>\n\t\t\t\t<\/div>\n\t\t\t\t<div class=\"elementor-element elementor-element-266a5af elementor-widget elementor-widget-text-editor\" data-id=\"266a5af\" data-element_type=\"widget\" data-widget_type=\"text-editor.default\">\n\t\t\t\t<div class=\"elementor-widget-container\">\n\t\t\t\t\t\t\t\t\t<ul><li style=\"font-weight: 400;\"><p style=\"font-weight: 400;\">To achieve high-profit investments, we carry out interventions for the transformation of properties with the best professionals in architecture and design, always using high-quality materials.<\/p><\/li><\/ul>\t\t\t\t\t\t\t\t<\/div>\n\t\t\t\t<\/div>\n\t\t\t\t\t<\/div>\n\t\t\t\t<\/div>\n\t\t\t\t<\/div>\n\t\t<div class=\"elementor-element elementor-element-406c4fb e-con-full e-flex e-con e-child\" data-id=\"406c4fb\" data-element_type=\"container\" data-settings=\"{&quot;background_background&quot;:&quot;classic&quot;}\">\n\t\t<div class=\"elementor-element elementor-element-e622c5e e-con-full elementor-hidden-mobile e-flex e-con e-child\" data-id=\"e622c5e\" data-element_type=\"container\" data-settings=\"{&quot;background_background&quot;:&quot;slideshow&quot;,&quot;background_slideshow_gallery&quot;:[{&quot;id&quot;:971,&quot;url&quot;:&quot;https:\\\/\\\/arusacapital.com\\\/wp-content\\\/uploads\\\/2023\\\/12\\\/pauclaris2.jpg&quot;},{&quot;id&quot;:721,&quot;url&quot;:&quot;https:\\\/\\\/arusacapital.com\\\/wp-content\\\/uploads\\\/2023\\\/12\\\/4-1.jpg&quot;}],&quot;background_slideshow_loop&quot;:&quot;yes&quot;,&quot;background_slideshow_slide_duration&quot;:5000,&quot;background_slideshow_slide_transition&quot;:&quot;fade&quot;,&quot;background_slideshow_transition_duration&quot;:500}\">\n\t\t\t\t<\/div>\n\t\t\t\t<\/div>\n\t\t<div class=\"elementor-element elementor-element-2737c83 e-flex e-con-boxed e-con e-child\" data-id=\"2737c83\" data-element_type=\"container\" data-settings=\"{&quot;background_background&quot;:&quot;classic&quot;}\">\n\t\t\t\t\t<div class=\"e-con-inner\">\n\t\t<div class=\"elementor-element elementor-element-e13fc71 e-flex e-con-boxed e-con e-child\" data-id=\"e13fc71\" data-element_type=\"container\" data-settings=\"{&quot;background_background&quot;:&quot;classic&quot;}\">\n\t\t\t\t\t<div class=\"e-con-inner\">\n\t\t\t\t<div class=\"elementor-element elementor-element-932468e elementor-widget elementor-widget-heading\" data-id=\"932468e\" data-element_type=\"widget\" data-widget_type=\"heading.default\">\n\t\t\t\t<div class=\"elementor-widget-container\">\n\t\t\t\t\t<h2 class=\"elementor-heading-title elementor-size-default\">We Sell<\/h2>\t\t\t\t<\/div>\n\t\t\t\t<\/div>\n\t\t\t\t<div class=\"elementor-element elementor-element-238071c elementor-widget elementor-widget-text-editor\" data-id=\"238071c\" data-element_type=\"widget\" data-widget_type=\"text-editor.default\">\n\t\t\t\t<div class=\"elementor-widget-container\">\n\t\t\t\t\t\t\t\t\t<ul><li>Our extensive presence in the market is achieved through an extensive network of high-level professionals nationally and internationally.<\/li><\/ul>\t\t\t\t\t\t\t\t<\/div>\n\t\t\t\t<\/div>\n\t\t\t\t\t<\/div>\n\t\t\t\t<\/div>\n\t\t<div class=\"elementor-element elementor-element-868d521 e-flex e-con-boxed e-con e-child\" data-id=\"868d521\" data-element_type=\"container\" data-settings=\"{&quot;background_background&quot;:&quot;classic&quot;}\">\n\t\t\t\t\t<div class=\"e-con-inner\">\n\t\t\t\t\t<\/div>\n\t\t\t\t<\/div>\n\t\t\t\t\t<\/div>\n\t\t\t\t<\/div>\n\t\t\t\t\t<\/div>\n\t\t\t\t<\/div>\n\t\t<div class=\"elementor-element elementor-element-6fa798b e-con-full elementor-hidden-mobile e-flex e-con e-parent\" data-id=\"6fa798b\" data-element_type=\"container\" data-settings=\"{&quot;background_background&quot;:&quot;classic&quot;}\">\n\t\t\t\t<\/div>\n\t\t\t\t<\/div>","protected":false},"excerpt":{"rendered":"<p>\u00bfQu\u00e9 hacemos? Compramos Fijamos un estricto criterio de selecci\u00f3n a la hora de decidir la ubicaci\u00f3n de nuestros productos inmobiliarios, centr\u00e1ndonos en zonas c\u00e9ntricas y prime de Barcelona. Barcelona se distingue por sus playas e infraestructuras, se ha convertido en un importante ecosistema europeo de startups y goza de un indiscutible atractivo tur\u00edstico mundial, es [&hellip;]<\/p>","protected":false},"author":1,"featured_media":0,"parent":0,"menu_order":0,"comment_status":"closed","ping_status":"closed","template":"","meta":{"footnotes":""},"class_list":["post-146","page","type-page","status-publish","hentry"],"yoast_head":"<!-- This site is optimized with the Yoast SEO plugin v26.5 - https:\/\/yoast.com\/wordpress\/plugins\/seo\/ -->\n<title>compramos transformamos vendemos viviendas barcelona -<\/title>\n<meta name=\"description\" content=\"Compramos, transformamos, y vendemos viviendas y edificios en Barcelona, aportando valor a las transacciones\" \/>\n<meta name=\"robots\" content=\"index, follow, max-snippet:-1, max-image-preview:large, max-video-preview:-1\" \/>\n<link rel=\"canonical\" href=\"https:\/\/arusacapital.com\/en\/obra-nueva\/\" \/>\n<meta property=\"og:locale\" content=\"en_GB\" \/>\n<meta property=\"og:type\" content=\"article\" \/>\n<meta property=\"og:title\" content=\"compramos transformamos vendemos viviendas barcelona -\" \/>\n<meta property=\"og:description\" content=\"Compramos, transformamos, y vendemos viviendas y edificios en Barcelona, aportando valor a las transacciones\" \/>\n<meta property=\"og:url\" content=\"https:\/\/arusacapital.com\/en\/obra-nueva\/\" \/>\n<meta property=\"article:modified_time\" content=\"2024-02-09T12:32:56+00:00\" \/>\n<meta name=\"twitter:card\" content=\"summary_large_image\" \/>\n<meta name=\"twitter:label1\" content=\"Estimated reading time\" \/>\n\t<meta name=\"twitter:data1\" content=\"1 minute\" \/>\n<script type=\"application\/ld+json\" class=\"yoast-schema-graph\">{\"@context\":\"https:\/\/schema.org\",\"@graph\":[{\"@type\":\"WebPage\",\"@id\":\"https:\/\/arusacapital.com\/obra-nueva\/\",\"url\":\"https:\/\/arusacapital.com\/obra-nueva\/\",\"name\":\"compramos transformamos vendemos viviendas barcelona -\",\"isPartOf\":{\"@id\":\"https:\/\/arusacapital.com\/#website\"},\"datePublished\":\"2023-11-29T17:28:58+00:00\",\"dateModified\":\"2024-02-09T12:32:56+00:00\",\"description\":\"Compramos, transformamos, y vendemos viviendas y edificios en Barcelona, aportando valor a las transacciones\",\"breadcrumb\":{\"@id\":\"https:\/\/arusacapital.com\/obra-nueva\/#breadcrumb\"},\"inLanguage\":\"en-GB\",\"potentialAction\":[{\"@type\":\"ReadAction\",\"target\":[\"https:\/\/arusacapital.com\/obra-nueva\/\"]}]},{\"@type\":\"BreadcrumbList\",\"@id\":\"https:\/\/arusacapital.com\/obra-nueva\/#breadcrumb\",\"itemListElement\":[{\"@type\":\"ListItem\",\"position\":1,\"name\":\"Portada\",\"item\":\"https:\/\/arusacapital.com\/\"},{\"@type\":\"ListItem\",\"position\":2,\"name\":\"que hacemos\"}]},{\"@type\":\"WebSite\",\"@id\":\"https:\/\/arusacapital.com\/#website\",\"url\":\"https:\/\/arusacapital.com\/\",\"name\":\"Arusacapital.com\",\"description\":\"Arusacapital, compra, transforma y vende viviendas, generando valor inmobiliario en Barcelona\",\"alternateName\":\"Arusa\",\"potentialAction\":[{\"@type\":\"SearchAction\",\"target\":{\"@type\":\"EntryPoint\",\"urlTemplate\":\"https:\/\/arusacapital.com\/?s={search_term_string}\"},\"query-input\":{\"@type\":\"PropertyValueSpecification\",\"valueRequired\":true,\"valueName\":\"search_term_string\"}}],\"inLanguage\":\"en-GB\"}]}<\/script>\n<!-- \/ Yoast SEO plugin. -->","yoast_head_json":{"title":"compramos transformamos vendemos viviendas barcelona -","description":"Compramos, transformamos, y vendemos viviendas y edificios en Barcelona, aportando valor a las transacciones","robots":{"index":"index","follow":"follow","max-snippet":"max-snippet:-1","max-image-preview":"max-image-preview:large","max-video-preview":"max-video-preview:-1"},"canonical":"https:\/\/arusacapital.com\/en\/obra-nueva\/","og_locale":"en_GB","og_type":"article","og_title":"compramos transformamos vendemos viviendas barcelona -","og_description":"Compramos, transformamos, y vendemos viviendas y edificios en Barcelona, aportando valor a las transacciones","og_url":"https:\/\/arusacapital.com\/en\/obra-nueva\/","article_modified_time":"2024-02-09T12:32:56+00:00","twitter_card":"summary_large_image","twitter_misc":{"Estimated reading time":"1 minute"},"schema":{"@context":"https:\/\/schema.org","@graph":[{"@type":"WebPage","@id":"https:\/\/arusacapital.com\/obra-nueva\/","url":"https:\/\/arusacapital.com\/obra-nueva\/","name":"compramos transformamos vendemos viviendas barcelona -","isPartOf":{"@id":"https:\/\/arusacapital.com\/#website"},"datePublished":"2023-11-29T17:28:58+00:00","dateModified":"2024-02-09T12:32:56+00:00","description":"Compramos, transformamos, y vendemos viviendas y edificios en Barcelona, aportando valor a las transacciones","breadcrumb":{"@id":"https:\/\/arusacapital.com\/obra-nueva\/#breadcrumb"},"inLanguage":"en-GB","potentialAction":[{"@type":"ReadAction","target":["https:\/\/arusacapital.com\/obra-nueva\/"]}]},{"@type":"BreadcrumbList","@id":"https:\/\/arusacapital.com\/obra-nueva\/#breadcrumb","itemListElement":[{"@type":"ListItem","position":1,"name":"Portada","item":"https:\/\/arusacapital.com\/"},{"@type":"ListItem","position":2,"name":"que hacemos"}]},{"@type":"WebSite","@id":"https:\/\/arusacapital.com\/#website","url":"https:\/\/arusacapital.com\/","name":"Arusacapital.com","description":"Arusacapital, compra, transforma y vende viviendas, generando valor inmobiliario en Barcelona","alternateName":"Arusa","potentialAction":[{"@type":"SearchAction","target":{"@type":"EntryPoint","urlTemplate":"https:\/\/arusacapital.com\/?s={search_term_string}"},"query-input":{"@type":"PropertyValueSpecification","valueRequired":true,"valueName":"search_term_string"}}],"inLanguage":"en-GB"}]}},"_links":{"self":[{"href":"https:\/\/arusacapital.com\/en\/wp-json\/wp\/v2\/pages\/146","targetHints":{"allow":["GET"]}}],"collection":[{"href":"https:\/\/arusacapital.com\/en\/wp-json\/wp\/v2\/pages"}],"about":[{"href":"https:\/\/arusacapital.com\/en\/wp-json\/wp\/v2\/types\/page"}],"author":[{"embeddable":true,"href":"https:\/\/arusacapital.com\/en\/wp-json\/wp\/v2\/users\/1"}],"replies":[{"embeddable":true,"href":"https:\/\/arusacapital.com\/en\/wp-json\/wp\/v2\/comments?post=146"}],"version-history":[{"count":55,"href":"https:\/\/arusacapital.com\/en\/wp-json\/wp\/v2\/pages\/146\/revisions"}],"predecessor-version":[{"id":1282,"href":"https:\/\/arusacapital.com\/en\/wp-json\/wp\/v2\/pages\/146\/revisions\/1282"}],"wp:attachment":[{"href":"https:\/\/arusacapital.com\/en\/wp-json\/wp\/v2\/media?parent=146"}],"curies":[{"name":"wp","href":"https:\/\/api.w.org\/{rel}","templated":true}]}}