{"id":1298,"date":"2024-10-04T13:03:10","date_gmt":"2024-10-04T11:03:10","guid":{"rendered":"https:\/\/arusacapital.com\/?page_id=1298"},"modified":"2024-10-04T13:14:20","modified_gmt":"2024-10-04T11:14:20","slug":"aviso-loegal","status":"publish","type":"page","link":"https:\/\/arusacapital.com\/en\/aviso-loegal\/","title":{"rendered":"Aviso Legal"},"content":{"rendered":"<div data-elementor-type=\"wp-page\" data-elementor-id=\"1298\" class=\"elementor elementor-1298\" data-elementor-post-type=\"page\">\n\t\t\t\t<div class=\"elementor-element elementor-element-98d5150 e-flex e-con-boxed e-con e-parent\" data-id=\"98d5150\" data-element_type=\"container\" data-settings=\"{&quot;background_background&quot;:&quot;classic&quot;}\">\n\t\t\t\t\t<div class=\"e-con-inner\">\n\t\t\t\t\t<\/div>\n\t\t\t\t<\/div>\n\t\t<div class=\"elementor-element elementor-element-75a2062 e-flex e-con-boxed e-con e-parent\" data-id=\"75a2062\" data-element_type=\"container\">\n\t\t\t\t\t<div class=\"e-con-inner\">\n\t\t\t\t<div class=\"elementor-element elementor-element-78dbead elementor-widget elementor-widget-text-editor\" data-id=\"78dbead\" data-element_type=\"widget\" data-widget_type=\"text-editor.default\">\n\t\t\t\t<div class=\"elementor-widget-container\">\n\t\t\t\t\t\t\t\t\t<p style=\"font-weight: 400;\"><strong>Propiedad del sitio web<\/strong><\/p><p style=\"font-weight: 400;\">Este sitio web, con direcci\u00f3n\u00a0<a href=\"https:\/\/arusacapital.com\/en\/\">arusacapital.com<\/a>, es propiedad de ARUSACAPITAL<\/p><p style=\"font-weight: 400;\">SL, en adelante ARUSACAPITAL<\/p><p style=\"font-weight: 400;\"><strong>Contenidos del sitio web<\/strong><\/p><p style=\"font-weight: 400;\">Todos sus contenidos, incluyendo los textos, las im\u00e1genes, el sonido y cualquier otro material, son propiedad de ARUSACAPITAL o de los terceros que hayan autorizado el uso. ARUSACAPITAL se reserva todos los derechos.<\/p><p style=\"font-weight: 400;\">La informaci\u00f3n administrativa que ARUSACAPITAL publica en este sitio web no sustituye el contenido de las leyes, las disposiciones generales y los acuerdos que se hayan de publicar formalmente al DOGC y en otros diarios oficiales, la edici\u00f3n impresa de las cuales es el \u00fanico instrumento que da fe de su autenticidad y de su contenido.<\/p><p style=\"font-weight: 400;\"><strong>Exoneraci\u00f3n de responsabilidades de ARUSACAPITAL<\/strong><\/p><p style=\"font-weight: 400;\">La persona usuaria del sitio web es consciente y acepta de forma voluntaria que la utilizaci\u00f3n del servicio tiene lugar, en todo caso, bajo su responsabilidad. As\u00ed y excepto los casos en que la ley proh\u00edba de forma imperativa limitar la responsabilidad, ARUSACAPITAL no asume ninguna responsabilidad derivada de los usos que la persona usuaria haga de este servicio.<\/p><p style=\"font-weight: 400;\">A t\u00edtulo no limitativo, ARUSACAPITAL se exonera de cualquier responsabilidad derivada de:<\/p><ul style=\"font-weight: 400;\"><li>La no garant\u00eda del acceso continuo a los elementos y a la informaci\u00f3n contenidos en sus p\u00e1ginas web, ni su correcta visualizaci\u00f3n o descarga o su utilidad.<\/li><li>Los eventuales da\u00f1os y perjuicios producidos por interferencias, aver\u00edas telef\u00f3nicas o desconexiones en el sistema electr\u00f3nico o por cualquier otro factor o circunstancia ajenas a su control.<\/li><li>La no garant\u00eda que su sitio web y sus servidores est\u00e9n libres de virus y de programas malignos de cualquier tipo, a la vez que no se hace responsable de los eventuales da\u00f1os y perjuicios causados por el acceso a su sitio web o por la imposibilidad de acceder.<\/li><li>De la informaci\u00f3n ni del resto de contenidos de terceros enlazados al sitio web. As\u00ed mismo, no se responsabiliza de ninguna informaci\u00f3n no contenida en este sitio web, y por lo tanto, no elaborada directamente por ARUSACAPITAL o por alguno de sus miembros autorizados.<\/li><\/ul><p style=\"font-weight: 400;\">\u00a0<\/p><p style=\"font-weight: 400;\"><strong>Responsabilidad de los usuarios<\/strong><\/p><p style=\"font-weight: 400;\">ARUSACAPITAL no autoriza utilizar los contenidos de este sitio web con fines comerciales o publicitarios.<\/p><p style=\"font-weight: 400;\">Tampoco permite reproducir, distribuir, transmitir, adaptar o modificar, con cualquier herramienta o cualquier medio, ni los contenidos de este sitio web ni su dise\u00f1o.<\/p><p style=\"font-weight: 400;\">Queda prohibido, excepto en los casos en que ARUSACAPITAL lo autorice expresamente, presentar p\u00e1ginas web del sitio bajo marcos, signos distintivos, marcas u otras denominaciones sociales o comerciales de otra persona, empresa o entidad.<\/p><p style=\"font-weight: 400;\">Los usuarios de este sitio web se comprometen a subministrar informaci\u00f3n verdadera y exacta sobre ellos mismos cuando se les pida.<\/p><p style=\"font-weight: 400;\">Pol\u00edtica de privacidad y tratamiento de datos personales<\/p><p style=\"font-weight: 400;\">Para m\u00e1s informaci\u00f3n consulte la pol\u00edtica de privacidad.<\/p><p style=\"font-weight: 400;\"><strong>Pol\u00edtica de cookies<\/strong><\/p><p style=\"font-weight: 400;\">Para m\u00e1s informaci\u00f3n consulte la pol\u00edtica de cookies.<\/p><p style=\"font-weight: 400;\"><strong>Notificaciones, ley aplicable y jurisdicci\u00f3n<\/strong><\/p><p style=\"font-weight: 400;\">Si se produjera alguna diferencia entre las dos partes sobre la interpretaci\u00f3n, cumplimiento y efectos de estas condiciones legales, y en caso de poder no llegar a un acuerdo o soluci\u00f3n aceptada por las dos partes, con renuncia expresa a cualquier otro fuero que pudiera corresponderles se someten a la jurisdicci\u00f3n y competencia de los Tribunales y Juzgados de Barcelona. Los usuarios aceptan el cumplimiento y el respecto de este punto.<\/p><p style=\"font-weight: 400;\"><strong>Modificaciones de las condiciones legales<\/strong><\/p><p style=\"font-weight: 400;\">ARUSACAPITAL se reserva el derecho a modificar en cualquier momento y sin previo aviso los t\u00e9rminos y las condiciones establecidas en este documento.<\/p><p style=\"font-weight: 400;\">\u00a0<\/p><p style=\"font-weight: 400;\">\u00a0<\/p>\t\t\t\t\t\t\t\t<\/div>\n\t\t\t\t<\/div>\n\t\t\t\t\t<\/div>\n\t\t\t\t<\/div>\n\t\t\t\t<\/div>","protected":false},"excerpt":{"rendered":"<p>Propiedad del sitio web Este sitio web, con direcci\u00f3n\u00a0arusacapital.com, es propiedad de ARUSACAPITAL SL, en adelante ARUSACAPITAL Contenidos del sitio web Todos sus contenidos, incluyendo los textos, las im\u00e1genes, el sonido y cualquier otro material, son propiedad de ARUSACAPITAL o de los terceros que hayan autorizado el uso. ARUSACAPITAL se reserva todos los derechos. La [&hellip;]<\/p>","protected":false},"author":1,"featured_media":0,"parent":0,"menu_order":0,"comment_status":"closed","ping_status":"closed","template":"","meta":{"footnotes":""},"class_list":["post-1298","page","type-page","status-publish","hentry"],"yoast_head":"<!-- This site is optimized with the Yoast SEO plugin v26.5 - https:\/\/yoast.com\/wordpress\/plugins\/seo\/ -->\n<title>Aviso Legal -<\/title>\n<meta name=\"robots\" content=\"index, follow, max-snippet:-1, max-image-preview:large, max-video-preview:-1\" \/>\n<link rel=\"canonical\" href=\"https:\/\/arusacapital.com\/en\/aviso-loegal\/\" \/>\n<meta property=\"og:locale\" content=\"en_GB\" \/>\n<meta property=\"og:type\" content=\"article\" \/>\n<meta property=\"og:title\" content=\"Aviso Legal -\" \/>\n<meta property=\"og:description\" content=\"Propiedad del sitio web Este sitio web, con direcci\u00f3n\u00a0arusacapital.com, es propiedad de ARUSACAPITAL SL, en adelante ARUSACAPITAL Contenidos del sitio web Todos sus contenidos, incluyendo los textos, las im\u00e1genes, el sonido y cualquier otro material, son propiedad de ARUSACAPITAL o de los terceros que hayan autorizado el uso. ARUSACAPITAL se reserva todos los derechos. La [&hellip;]\" \/>\n<meta property=\"og:url\" content=\"https:\/\/arusacapital.com\/en\/aviso-loegal\/\" \/>\n<meta property=\"article:modified_time\" content=\"2024-10-04T11:14:20+00:00\" \/>\n<meta name=\"twitter:card\" content=\"summary_large_image\" \/>\n<meta name=\"twitter:label1\" content=\"Estimated reading time\" \/>\n\t<meta name=\"twitter:data1\" content=\"3 minutes\" \/>\n<script type=\"application\/ld+json\" class=\"yoast-schema-graph\">{\"@context\":\"https:\/\/schema.org\",\"@graph\":[{\"@type\":\"WebPage\",\"@id\":\"https:\/\/arusacapital.com\/aviso-loegal\/\",\"url\":\"https:\/\/arusacapital.com\/aviso-loegal\/\",\"name\":\"Aviso Legal -\",\"isPartOf\":{\"@id\":\"https:\/\/arusacapital.com\/#website\"},\"datePublished\":\"2024-10-04T11:03:10+00:00\",\"dateModified\":\"2024-10-04T11:14:20+00:00\",\"breadcrumb\":{\"@id\":\"https:\/\/arusacapital.com\/aviso-loegal\/#breadcrumb\"},\"inLanguage\":\"en-GB\",\"potentialAction\":[{\"@type\":\"ReadAction\",\"target\":[\"https:\/\/arusacapital.com\/aviso-loegal\/\"]}]},{\"@type\":\"BreadcrumbList\",\"@id\":\"https:\/\/arusacapital.com\/aviso-loegal\/#breadcrumb\",\"itemListElement\":[{\"@type\":\"ListItem\",\"position\":1,\"name\":\"Portada\",\"item\":\"https:\/\/arusacapital.com\/\"},{\"@type\":\"ListItem\",\"position\":2,\"name\":\"Aviso Legal\"}]},{\"@type\":\"WebSite\",\"@id\":\"https:\/\/arusacapital.com\/#website\",\"url\":\"https:\/\/arusacapital.com\/\",\"name\":\"Arusacapital.com\",\"description\":\"Arusacapital, compra, transforma y vende viviendas, generando valor inmobiliario en Barcelona\",\"alternateName\":\"Arusa\",\"potentialAction\":[{\"@type\":\"SearchAction\",\"target\":{\"@type\":\"EntryPoint\",\"urlTemplate\":\"https:\/\/arusacapital.com\/?s={search_term_string}\"},\"query-input\":{\"@type\":\"PropertyValueSpecification\",\"valueRequired\":true,\"valueName\":\"search_term_string\"}}],\"inLanguage\":\"en-GB\"}]}<\/script>\n<!-- \/ Yoast SEO plugin. -->","yoast_head_json":{"title":"Aviso Legal -","robots":{"index":"index","follow":"follow","max-snippet":"max-snippet:-1","max-image-preview":"max-image-preview:large","max-video-preview":"max-video-preview:-1"},"canonical":"https:\/\/arusacapital.com\/en\/aviso-loegal\/","og_locale":"en_GB","og_type":"article","og_title":"Aviso Legal -","og_description":"Propiedad del sitio web Este sitio web, con direcci\u00f3n\u00a0arusacapital.com, es propiedad de ARUSACAPITAL SL, en adelante ARUSACAPITAL Contenidos del sitio web Todos sus contenidos, incluyendo los textos, las im\u00e1genes, el sonido y cualquier otro material, son propiedad de ARUSACAPITAL o de los terceros que hayan autorizado el uso. ARUSACAPITAL se reserva todos los derechos. La [&hellip;]","og_url":"https:\/\/arusacapital.com\/en\/aviso-loegal\/","article_modified_time":"2024-10-04T11:14:20+00:00","twitter_card":"summary_large_image","twitter_misc":{"Estimated reading time":"3 minutes"},"schema":{"@context":"https:\/\/schema.org","@graph":[{"@type":"WebPage","@id":"https:\/\/arusacapital.com\/aviso-loegal\/","url":"https:\/\/arusacapital.com\/aviso-loegal\/","name":"Aviso Legal -","isPartOf":{"@id":"https:\/\/arusacapital.com\/#website"},"datePublished":"2024-10-04T11:03:10+00:00","dateModified":"2024-10-04T11:14:20+00:00","breadcrumb":{"@id":"https:\/\/arusacapital.com\/aviso-loegal\/#breadcrumb"},"inLanguage":"en-GB","potentialAction":[{"@type":"ReadAction","target":["https:\/\/arusacapital.com\/aviso-loegal\/"]}]},{"@type":"BreadcrumbList","@id":"https:\/\/arusacapital.com\/aviso-loegal\/#breadcrumb","itemListElement":[{"@type":"ListItem","position":1,"name":"Portada","item":"https:\/\/arusacapital.com\/"},{"@type":"ListItem","position":2,"name":"Aviso Legal"}]},{"@type":"WebSite","@id":"https:\/\/arusacapital.com\/#website","url":"https:\/\/arusacapital.com\/","name":"Arusacapital.com","description":"Arusacapital, compra, transforma y vende viviendas, generando valor inmobiliario en Barcelona","alternateName":"Arusa","potentialAction":[{"@type":"SearchAction","target":{"@type":"EntryPoint","urlTemplate":"https:\/\/arusacapital.com\/?s={search_term_string}"},"query-input":{"@type":"PropertyValueSpecification","valueRequired":true,"valueName":"search_term_string"}}],"inLanguage":"en-GB"}]}},"_links":{"self":[{"href":"https:\/\/arusacapital.com\/en\/wp-json\/wp\/v2\/pages\/1298","targetHints":{"allow":["GET"]}}],"collection":[{"href":"https:\/\/arusacapital.com\/en\/wp-json\/wp\/v2\/pages"}],"about":[{"href":"https:\/\/arusacapital.com\/en\/wp-json\/wp\/v2\/types\/page"}],"author":[{"embeddable":true,"href":"https:\/\/arusacapital.com\/en\/wp-json\/wp\/v2\/users\/1"}],"replies":[{"embeddable":true,"href":"https:\/\/arusacapital.com\/en\/wp-json\/wp\/v2\/comments?post=1298"}],"version-history":[{"count":10,"href":"https:\/\/arusacapital.com\/en\/wp-json\/wp\/v2\/pages\/1298\/revisions"}],"predecessor-version":[{"id":1317,"href":"https:\/\/arusacapital.com\/en\/wp-json\/wp\/v2\/pages\/1298\/revisions\/1317"}],"wp:attachment":[{"href":"https:\/\/arusacapital.com\/en\/wp-json\/wp\/v2\/media?parent=1298"}],"curies":[{"name":"wp","href":"https:\/\/api.w.org\/{rel}","templated":true}]}}