{"id":35,"date":"2023-11-29T11:15:15","date_gmt":"2023-11-29T10:15:15","guid":{"rendered":"https:\/\/arusacapital.com\/?page_id=35"},"modified":"2024-02-09T13:35:01","modified_gmt":"2024-02-09T12:35:01","slug":"inicio","status":"publish","type":"page","link":"https:\/\/arusacapital.com\/cat\/","title":{"rendered":"Inicio"},"content":{"rendered":"<div data-elementor-type=\"wp-page\" data-elementor-id=\"35\" class=\"elementor elementor-35\" data-elementor-post-type=\"page\">\n\t\t\t\t<div class=\"elementor-element elementor-element-4c5e5e5 e-con-full e-flex e-con e-parent\" data-id=\"4c5e5e5\" data-element_type=\"container\" data-settings=\"{&quot;background_background&quot;:&quot;slideshow&quot;,&quot;background_slideshow_gallery&quot;:[],&quot;background_slideshow_loop&quot;:&quot;yes&quot;,&quot;background_slideshow_slide_duration&quot;:5000,&quot;background_slideshow_slide_transition&quot;:&quot;fade&quot;,&quot;background_slideshow_transition_duration&quot;:500}\">\n\t\t\t\t<div class=\"elementor-element elementor-element-466146b elementor--h-position-center elementor--v-position-middle elementor-widget elementor-widget-slides\" data-id=\"466146b\" data-element_type=\"widget\" data-settings=\"{&quot;navigation&quot;:&quot;none&quot;,&quot;autoplay_speed&quot;:3000,&quot;autoplay&quot;:&quot;yes&quot;,&quot;pause_on_hover&quot;:&quot;yes&quot;,&quot;pause_on_interaction&quot;:&quot;yes&quot;,&quot;infinite&quot;:&quot;yes&quot;,&quot;transition&quot;:&quot;slide&quot;,&quot;transition_speed&quot;:500}\" data-widget_type=\"slides.default\">\n\t\t\t\t<div class=\"elementor-widget-container\">\n\t\t\t\t\t\t\t\t\t<div class=\"elementor-swiper\">\n\t\t\t\t\t<div class=\"elementor-slides-wrapper elementor-main-swiper swiper\" role=\"region\" aria-roledescription=\"carousel\" aria-label=\"Diapositives\" dir=\"ltr\" data-animation=\"\">\n\t\t\t\t<div class=\"swiper-wrapper elementor-slides\">\n\t\t\t\t\t\t\t\t\t\t<div class=\"elementor-repeater-item-a62b926 swiper-slide\" role=\"group\" aria-roledescription=\"slide\"><div class=\"swiper-slide-bg\" role=\"img\" aria-label=\"Pau-Claris-2\"><\/div><div class=\"elementor-background-overlay\"><\/div><div class=\"swiper-slide-inner\" ><div class=\"swiper-slide-contents\"><div class=\"elementor-slide-heading\">Aportem valor al mercat immobiliari de Barcelona.<\/div><\/div><\/div><\/div><div class=\"elementor-repeater-item-6621441 swiper-slide\" role=\"group\" aria-roledescription=\"slide\"><div class=\"swiper-slide-bg\" role=\"img\" aria-label=\"BCN5717-07-ok\"><\/div><div class=\"elementor-background-overlay\"><\/div><div class=\"swiper-slide-inner\" ><div class=\"swiper-slide-contents\"><div class=\"elementor-slide-heading\">Els tres punts claus: localitzaci\u00f3, localitzaci\u00f3 i localitzaci\u00f3.<\/div><\/div><\/div><\/div><div class=\"elementor-repeater-item-d023d4f swiper-slide\" role=\"group\" aria-roledescription=\"slide\"><div class=\"swiper-slide-bg\" role=\"img\" aria-label=\"corcega2\"><\/div><div class=\"elementor-background-overlay\"><\/div><div class=\"swiper-slide-inner\" ><div class=\"swiper-slide-contents\"><div class=\"elementor-slide-heading\">Gesti\u00f3 i negociaci\u00f3 aporten seguretat i beneficis.<\/div><\/div><\/div><\/div><div class=\"elementor-repeater-item-a2232dc swiper-slide\" role=\"group\" aria-roledescription=\"slide\"><div class=\"swiper-slide-bg\" role=\"img\" aria-label=\"WhatsApp-Image-2024-01-19-at-19.50.00-6\"><\/div><div class=\"elementor-background-overlay\"><\/div><div class=\"swiper-slide-inner\" ><div class=\"swiper-slide-contents\"><div class=\"elementor-slide-heading\">Som una Boutique, treballem a mida.<\/div><\/div><\/div><\/div>\t\t\t\t<\/div>\n\t\t\t\t\t\t\t\t\t\t\t\t\t\t\t\t\t\t\t\t\t<\/div>\n\t\t\t\t<\/div>\n\t\t\t\t\t\t\t\t<\/div>\n\t\t\t\t<\/div>\n\t\t\t\t<\/div>\n\t\t<div class=\"elementor-element elementor-element-e59a606 e-con-full e-flex e-con e-parent\" data-id=\"e59a606\" data-element_type=\"container\" data-settings=\"{&quot;background_background&quot;:&quot;classic&quot;}\">\n\t\t<div class=\"elementor-element elementor-element-7af2c11 e-flex e-con-boxed e-con e-child\" data-id=\"7af2c11\" data-element_type=\"container\">\n\t\t\t\t\t<div class=\"e-con-inner\">\n\t\t\t\t<div class=\"elementor-element elementor-element-4f0b840 elementor-widget elementor-widget-heading\" data-id=\"4f0b840\" data-element_type=\"widget\" data-widget_type=\"heading.default\">\n\t\t\t\t<div class=\"elementor-widget-container\">\n\t\t\t\t\t<h2 class=\"elementor-heading-title elementor-size-default\">Sobre nosaltres<\/h2>\t\t\t\t<\/div>\n\t\t\t\t<\/div>\n\t\t\t\t\t<\/div>\n\t\t\t\t<\/div>\n\t\t<div class=\"elementor-element elementor-element-a500dcb e-flex e-con-boxed e-con e-child\" data-id=\"a500dcb\" data-element_type=\"container\">\n\t\t\t\t\t<div class=\"e-con-inner\">\n\t\t<div class=\"elementor-element elementor-element-0bec714 e-flex e-con-boxed e-con e-child\" data-id=\"0bec714\" data-element_type=\"container\">\n\t\t\t\t\t<div class=\"e-con-inner\">\n\t\t\t\t<div class=\"elementor-element elementor-element-d9d3a7b elementor-widget elementor-widget-image\" data-id=\"d9d3a7b\" data-element_type=\"widget\" data-widget_type=\"image.default\">\n\t\t\t\t<div class=\"elementor-widget-container\">\n\t\t\t\t\t\t\t\t\t\t\t\t\t\t\t<img fetchpriority=\"high\" decoding=\"async\" width=\"533\" height=\"669\" src=\"https:\/\/arusacapital.com\/wp-content\/uploads\/2023\/11\/Pau-Claris1.jpg\" class=\"attachment-large size-large wp-image-90\" alt=\"\" srcset=\"https:\/\/arusacapital.com\/wp-content\/uploads\/2023\/11\/Pau-Claris1.jpg 533w, https:\/\/arusacapital.com\/wp-content\/uploads\/2023\/11\/Pau-Claris1-239x300.jpg 239w\" sizes=\"(max-width: 533px) 100vw, 533px\" \/>\t\t\t\t\t\t\t\t\t\t\t\t\t\t\t<\/div>\n\t\t\t\t<\/div>\n\t\t\t\t\t<\/div>\n\t\t\t\t<\/div>\n\t\t<div class=\"elementor-element elementor-element-3649b46 e-flex e-con-boxed e-con e-child\" data-id=\"3649b46\" data-element_type=\"container\" data-settings=\"{&quot;background_background&quot;:&quot;classic&quot;}\">\n\t\t\t\t\t<div class=\"e-con-inner\">\n\t\t\t\t<div class=\"elementor-element elementor-element-e056883 elementor-widget elementor-widget-text-editor\" data-id=\"e056883\" data-element_type=\"widget\" data-widget_type=\"text-editor.default\">\n\t\t\t\t<div class=\"elementor-widget-container\">\n\t\t\t\t\t\t\t\t\t<p style=\"font-weight: 400;\">Disposem de m\u00e9s de 25 anys d'experi\u00e8ncia transformant i venent b\u00e9ns immobles, generant valor i aprofitant oportunitats de negoci a Barcelona, la qual cosa ens converteix en experts, referents, en el mercat immobiliari de la Ciutat Comtal.<\/p><p style=\"font-weight: 400;\">Gestionem des de la identificaci\u00f3 i viabilitat del projecte, fins a la compra de l'edifici o entitat, amb la posterior reestructuraci\u00f3 t\u00e8cnica, la rehabilitaci\u00f3, el disseny i interiorisme, la comercialitzaci\u00f3 i la responsabilitat total del projecte legal i financer.<\/p><p>Disposem d'un exit\u00f3s equip, especialitzat en les \u00e0rees jur\u00eddica, financera i immobili\u00e0ria, que ens capacita per abordar qualsevol projecte i oferir productes que obtinguin la m\u00e0xima rendibilitat pels nostres clients inversors, ja siguin empreses o particulars.<\/p>\t\t\t\t\t\t\t\t<\/div>\n\t\t\t\t<\/div>\n\t\t\t\t\t<\/div>\n\t\t\t\t<\/div>\n\t\t\t\t\t<\/div>\n\t\t\t\t<\/div>\n\t\t\t\t<\/div>\n\t\t<div class=\"elementor-element elementor-element-105ef82 e-flex e-con-boxed e-con e-parent\" data-id=\"105ef82\" data-element_type=\"container\" data-settings=\"{&quot;background_background&quot;:&quot;classic&quot;}\">\n\t\t\t\t\t<div class=\"e-con-inner\">\n\t\t\t\t\t<\/div>\n\t\t\t\t<\/div>\n\t\t<div class=\"elementor-element elementor-element-58996ba e-con-full e-flex e-con e-parent\" data-id=\"58996ba\" data-element_type=\"container\" data-settings=\"{&quot;background_background&quot;:&quot;classic&quot;}\">\n\t\t<div class=\"elementor-element elementor-element-655c95b e-flex e-con-boxed e-con e-child\" data-id=\"655c95b\" data-element_type=\"container\">\n\t\t\t\t\t<div class=\"e-con-inner\">\n\t\t\t\t<div class=\"elementor-element elementor-element-b0efd46 elementor-widget elementor-widget-heading\" data-id=\"b0efd46\" data-element_type=\"widget\" data-widget_type=\"heading.default\">\n\t\t\t\t<div class=\"elementor-widget-container\">\n\t\t\t\t\t<h2 class=\"elementor-heading-title elementor-size-default\">Fidels al nostre origen, Barcelona<\/h2>\t\t\t\t<\/div>\n\t\t\t\t<\/div>\n\t\t\t\t<div class=\"elementor-element elementor-element-eab1079 elementor-widget elementor-widget-text-editor\" data-id=\"eab1079\" data-element_type=\"widget\" data-widget_type=\"text-editor.default\">\n\t\t\t\t<div class=\"elementor-widget-container\">\n\t\t\t\t\t\t\t\t\t<p>Arusa Capital neix a Barcelona, amb un equip hum\u00e0 que estima i coneix la traject\u00f2ria de la seva ciutat.<\/p>\n<p>Hem participat en el desenvolupament de la nova Barcelona des dels Jocs Ol\u00edmpics, amb una intervenci\u00f3 directa en importants projectes com \"La Maquinista\" i \"Diagonal Mar.\"<\/p>\n<p>Disposem d'un selecte portfoli d'inversions realitzades en finques \u00faniques i referents per a la ciutat.<\/p>\t\t\t\t\t\t\t\t<\/div>\n\t\t\t\t<\/div>\n\t\t\t\t\t<\/div>\n\t\t\t\t<\/div>\n\t\t\t\t<\/div>\n\t\t<div class=\"elementor-element elementor-element-e243cc5 e-flex e-con-boxed e-con e-parent\" data-id=\"e243cc5\" data-element_type=\"container\" data-settings=\"{&quot;background_background&quot;:&quot;classic&quot;}\">\n\t\t\t\t\t<div class=\"e-con-inner\">\n\t\t\t\t\t<\/div>\n\t\t\t\t<\/div>\n\t\t\t\t<\/div>","protected":false},"excerpt":{"rendered":"<p>Aportamos valor al mercado inmobiliario de Barcelona.Los tres puntos claves: localizaci\u00f3n, localizaci\u00f3n y localizaci\u00f3n.Gesti\u00f3n y negociaci\u00f3n aportan seguridad y beneficios.Somos una Boutique, trabajamos a medida. Sobre nosotros Contamos con m\u00e1s de 25 a\u00f1os de experiencia transformando y vendiendo inmuebles, generando valor y aprovechando oportunidades de negocio en Barcelona, lo que nos convierte en expertos, referentes, [&hellip;]<\/p>","protected":false},"author":1,"featured_media":0,"parent":0,"menu_order":0,"comment_status":"closed","ping_status":"closed","template":"","meta":{"footnotes":""},"class_list":["post-35","page","type-page","status-publish","hentry"],"yoast_head":"<!-- This site is optimized with the Yoast SEO plugin v26.5 - https:\/\/yoast.com\/wordpress\/plugins\/seo\/ -->\n<title>aportamos valor al mercado inmobiliario Barcelona<\/title>\n<meta name=\"description\" content=\"Aportamos valor al mercado inmobiliario Barcelona, comprando, transforamando y vendiendo viviendas y edificios en Barcelona.\" \/>\n<meta name=\"robots\" content=\"index, follow, max-snippet:-1, max-image-preview:large, max-video-preview:-1\" \/>\n<link rel=\"canonical\" href=\"https:\/\/arusacapital.com\/cat\/\" \/>\n<meta property=\"og:locale\" content=\"ca_ES\" \/>\n<meta property=\"og:type\" content=\"article\" \/>\n<meta property=\"og:title\" content=\"aportamos valor al mercado inmobiliario Barcelona\" \/>\n<meta property=\"og:description\" content=\"Aportamos valor al mercado inmobiliario Barcelona, comprando, transforamando y vendiendo viviendas y edificios en Barcelona.\" \/>\n<meta property=\"og:url\" content=\"https:\/\/arusacapital.com\/cat\/\" \/>\n<meta property=\"article:modified_time\" content=\"2024-02-09T12:35:01+00:00\" \/>\n<meta property=\"og:image\" content=\"https:\/\/arusacapital.com\/wp-content\/uploads\/2023\/11\/Pau-Claris1.jpg\" \/>\n<meta name=\"twitter:card\" content=\"summary_large_image\" \/>\n<meta name=\"twitter:label1\" content=\"Temps estimat de lectura\" \/>\n\t<meta name=\"twitter:data1\" content=\"2 minuts\" \/>\n<script type=\"application\/ld+json\" class=\"yoast-schema-graph\">{\"@context\":\"https:\/\/schema.org\",\"@graph\":[{\"@type\":\"WebPage\",\"@id\":\"https:\/\/arusacapital.com\/\",\"url\":\"https:\/\/arusacapital.com\/\",\"name\":\"aportamos valor al mercado inmobiliario Barcelona\",\"isPartOf\":{\"@id\":\"https:\/\/arusacapital.com\/#website\"},\"primaryImageOfPage\":{\"@id\":\"https:\/\/arusacapital.com\/#primaryimage\"},\"image\":{\"@id\":\"https:\/\/arusacapital.com\/#primaryimage\"},\"thumbnailUrl\":\"https:\/\/arusacapital.com\/wp-content\/uploads\/2023\/11\/Pau-Claris1.jpg\",\"datePublished\":\"2023-11-29T10:15:15+00:00\",\"dateModified\":\"2024-02-09T12:35:01+00:00\",\"description\":\"Aportamos valor al mercado inmobiliario Barcelona, comprando, transforamando y vendiendo viviendas y edificios en Barcelona.\",\"breadcrumb\":{\"@id\":\"https:\/\/arusacapital.com\/#breadcrumb\"},\"inLanguage\":\"ca\",\"potentialAction\":[{\"@type\":\"ReadAction\",\"target\":[\"https:\/\/arusacapital.com\/\"]}]},{\"@type\":\"ImageObject\",\"inLanguage\":\"ca\",\"@id\":\"https:\/\/arusacapital.com\/#primaryimage\",\"url\":\"https:\/\/arusacapital.com\/wp-content\/uploads\/2023\/11\/Pau-Claris1.jpg\",\"contentUrl\":\"https:\/\/arusacapital.com\/wp-content\/uploads\/2023\/11\/Pau-Claris1.jpg\"},{\"@type\":\"BreadcrumbList\",\"@id\":\"https:\/\/arusacapital.com\/#breadcrumb\",\"itemListElement\":[{\"@type\":\"ListItem\",\"position\":1,\"name\":\"Portada\",\"item\":\"https:\/\/arusacapital.com\/\"},{\"@type\":\"ListItem\",\"position\":2,\"name\":\"Inicio\"}]},{\"@type\":\"WebSite\",\"@id\":\"https:\/\/arusacapital.com\/#website\",\"url\":\"https:\/\/arusacapital.com\/\",\"name\":\"Arusacapital.com\",\"description\":\"Arusacapital, compra, transforma y vende viviendas, generando valor inmobiliario en Barcelona\",\"alternateName\":\"Arusa\",\"potentialAction\":[{\"@type\":\"SearchAction\",\"target\":{\"@type\":\"EntryPoint\",\"urlTemplate\":\"https:\/\/arusacapital.com\/?s={search_term_string}\"},\"query-input\":{\"@type\":\"PropertyValueSpecification\",\"valueRequired\":true,\"valueName\":\"search_term_string\"}}],\"inLanguage\":\"ca\"}]}<\/script>\n<!-- \/ Yoast SEO plugin. -->","yoast_head_json":{"title":"aportamos valor al mercado inmobiliario Barcelona","description":"Aportamos valor al mercado inmobiliario Barcelona, comprando, transforamando y vendiendo viviendas y edificios en Barcelona.","robots":{"index":"index","follow":"follow","max-snippet":"max-snippet:-1","max-image-preview":"max-image-preview:large","max-video-preview":"max-video-preview:-1"},"canonical":"https:\/\/arusacapital.com\/cat\/","og_locale":"ca_ES","og_type":"article","og_title":"aportamos valor al mercado inmobiliario Barcelona","og_description":"Aportamos valor al mercado inmobiliario Barcelona, comprando, transforamando y vendiendo viviendas y edificios en Barcelona.","og_url":"https:\/\/arusacapital.com\/cat\/","article_modified_time":"2024-02-09T12:35:01+00:00","og_image":[{"url":"https:\/\/arusacapital.com\/wp-content\/uploads\/2023\/11\/Pau-Claris1.jpg","type":"","width":"","height":""}],"twitter_card":"summary_large_image","twitter_misc":{"Temps estimat de lectura":"2 minuts"},"schema":{"@context":"https:\/\/schema.org","@graph":[{"@type":"WebPage","@id":"https:\/\/arusacapital.com\/","url":"https:\/\/arusacapital.com\/","name":"aportamos valor al mercado inmobiliario Barcelona","isPartOf":{"@id":"https:\/\/arusacapital.com\/#website"},"primaryImageOfPage":{"@id":"https:\/\/arusacapital.com\/#primaryimage"},"image":{"@id":"https:\/\/arusacapital.com\/#primaryimage"},"thumbnailUrl":"https:\/\/arusacapital.com\/wp-content\/uploads\/2023\/11\/Pau-Claris1.jpg","datePublished":"2023-11-29T10:15:15+00:00","dateModified":"2024-02-09T12:35:01+00:00","description":"Aportamos valor al mercado inmobiliario Barcelona, comprando, transforamando y vendiendo viviendas y edificios en Barcelona.","breadcrumb":{"@id":"https:\/\/arusacapital.com\/#breadcrumb"},"inLanguage":"ca","potentialAction":[{"@type":"ReadAction","target":["https:\/\/arusacapital.com\/"]}]},{"@type":"ImageObject","inLanguage":"ca","@id":"https:\/\/arusacapital.com\/#primaryimage","url":"https:\/\/arusacapital.com\/wp-content\/uploads\/2023\/11\/Pau-Claris1.jpg","contentUrl":"https:\/\/arusacapital.com\/wp-content\/uploads\/2023\/11\/Pau-Claris1.jpg"},{"@type":"BreadcrumbList","@id":"https:\/\/arusacapital.com\/#breadcrumb","itemListElement":[{"@type":"ListItem","position":1,"name":"Portada","item":"https:\/\/arusacapital.com\/"},{"@type":"ListItem","position":2,"name":"Inicio"}]},{"@type":"WebSite","@id":"https:\/\/arusacapital.com\/#website","url":"https:\/\/arusacapital.com\/","name":"Arusacapital.com","description":"Arusacapital, compra, transforma y vende viviendas, generando valor inmobiliario en Barcelona","alternateName":"Arusa","potentialAction":[{"@type":"SearchAction","target":{"@type":"EntryPoint","urlTemplate":"https:\/\/arusacapital.com\/?s={search_term_string}"},"query-input":{"@type":"PropertyValueSpecification","valueRequired":true,"valueName":"search_term_string"}}],"inLanguage":"ca"}]}},"_links":{"self":[{"href":"https:\/\/arusacapital.com\/cat\/wp-json\/wp\/v2\/pages\/35","targetHints":{"allow":["GET"]}}],"collection":[{"href":"https:\/\/arusacapital.com\/cat\/wp-json\/wp\/v2\/pages"}],"about":[{"href":"https:\/\/arusacapital.com\/cat\/wp-json\/wp\/v2\/types\/page"}],"author":[{"embeddable":true,"href":"https:\/\/arusacapital.com\/cat\/wp-json\/wp\/v2\/users\/1"}],"replies":[{"embeddable":true,"href":"https:\/\/arusacapital.com\/cat\/wp-json\/wp\/v2\/comments?post=35"}],"version-history":[{"count":97,"href":"https:\/\/arusacapital.com\/cat\/wp-json\/wp\/v2\/pages\/35\/revisions"}],"predecessor-version":[{"id":1283,"href":"https:\/\/arusacapital.com\/cat\/wp-json\/wp\/v2\/pages\/35\/revisions\/1283"}],"wp:attachment":[{"href":"https:\/\/arusacapital.com\/cat\/wp-json\/wp\/v2\/media?parent=35"}],"curies":[{"name":"wp","href":"https:\/\/api.w.org\/{rel}","templated":true}]}}